{"id":2834,"date":"2025-02-25T14:25:44","date_gmt":"2025-02-25T14:25:44","guid":{"rendered":"https:\/\/theledmaster.us\/?page_id=2834"},"modified":"2025-02-28T00:24:21","modified_gmt":"2025-02-28T00:24:21","slug":"politica-de-privacidad-led-master","status":"publish","type":"page","link":"https:\/\/theledmaster.us\/en\/politica-de-privacidad-led-master\/","title":{"rendered":"Pol\u00edticas de privacidad <br\/>  THE LED MASTER"},"content":{"rendered":"<div data-elementor-type=\"wp-page\" data-elementor-id=\"2834\" class=\"elementor elementor-2834\" data-elementor-post-type=\"page\">\n\t\t\t\t<div class=\"elementor-element elementor-element-89cda25 e-con-full e-flex e-con e-parent\" data-id=\"89cda25\" data-element_type=\"container\" data-settings=\"{&quot;background_background&quot;:&quot;classic&quot;}\">\n\t\t\t\t<div class=\"elementor-element elementor-element-1d38113 elementor-widget elementor-widget-heading\" data-id=\"1d38113\" data-element_type=\"widget\" data-widget_type=\"heading.default\">\n\t\t\t\t\t<h2 class=\"elementor-heading-title elementor-size-default\">Pol\u00edticas de privacidad <br \/>  THE LED MASTER<\/h2>\t\t\t\t<\/div>\n\t\t\t\t<\/div>\n\t\t<div class=\"elementor-element elementor-element-e6851d5 e-flex e-con-boxed e-con e-parent\" data-id=\"e6851d5\" data-element_type=\"container\">\n\t\t\t\t\t<div class=\"e-con-inner\">\n\t\t\t\t<div class=\"elementor-element elementor-element-4e64190 elementor-widget elementor-widget-text-editor\" data-id=\"4e64190\" data-element_type=\"widget\" data-widget_type=\"text-editor.default\">\n\t\t\t\t\t\t\t\t\t<style>\nol.main li {\n    margin-bottom: 15px;\n}\nh3, b {\ncolor: #000 !important;\n}\n<\/style>\n<ol class=\"main\">\n<li>\n<h3>Introducci\u00f3n<\/h3>\n<b><span style=\"font-size: 18px;\">THE LED MASTER<\/b> est\u00e1 comprometido con la protecci\u00f3n de su privacidad. Esta Pol\u00edtica de Privacidad explica c\u00f3mo recopilamos, utilizamos, divulgamos y protegemos su informaci\u00f3n cuando visita nuestro sitio web <b>www.theledmaster.com<\/b> y utiliza nuestros servicios. Esta pol\u00edtica se aplica tanto a nuestras operaciones en Colombia como en Estados Unidos.<\/span>\n<\/li>\n<li>\n<h3>Datos del responsable de pol\u00edtica.<\/h3>\n<b>Titular:<\/b> LED SCREEN MASTERS &amp; SUPPLIES S.A.S <br\/>\n<b>NIT:<\/b> 901.165.948.-3<br\/>\n<b>Email<\/b> ledmaster@ledmaster.tv<br\/>\n<b>Sitio web:<\/b> www.theledmaster.com<\/li>\n<li>\n<h3>Principios aplicados en el tratamiento de datos.<\/h3>\n<ul type=\"a\" style=\"list-style-type: lower-alpha\">\n \t<li><b>Principio de legalidad en materia de Tratamiento de datos:<\/b> El Tratamiento a que se refiere la presente ley es una actividad reglada que debe sujetarse a lo establecido en ella y en las dem\u00e1s disposiciones que la desarrollen;<\/li>\n \t<li><b>Principio de finalidad:<\/b> El Tratamiento debe obedecer a una finalidad leg\u00edtima de acuerdo con la Constituci\u00f3n y la Ley, la cual debe ser informada al Titular;<\/li>\n \t<li><b>Principio de libertad:<\/b> El Tratamiento s\u00f3lo puede ejercerse con el consentimiento, previo, expreso e informado del Titular. Los datos personales no podr\u00e1n ser obtenidos o divulgados sin previa autorizaci\u00f3n, o en ausencia de mandato legal o judicial que releve el consentimiento;<\/li>\n \t<li><b>Principio de veracidad o calidad:<\/b> La informaci\u00f3n sujeta a Tratamiento debe ser veraz, completa, exacta, actualizada, comprobable y comprensible. Se proh\u00edbe el Tratamiento de datos parciales, incompletos, fraccionados o que induzcan a error;<\/li>\n \t<li><b>Principio de transparencia:<\/b> En el Tratamiento debe garantizarse el derecho del Titular a obtener del Responsable del Tratamiento o del Encargado del Tratamiento, en cualquier momento y sin restricciones, informaci\u00f3n acerca de la existencia de datos que le conciernan;<\/li>\n \t<li><b>Principio de acceso y circulaci\u00f3n restringida:<\/b> El Tratamiento se sujeta a los l\u00edmites que se derivan de la naturaleza de los datos personales, de las disposiciones de la presente ley y la Constituci\u00f3n. En este sentido, el Tratamiento s\u00f3lo podr\u00e1 hacerse por personas autorizadas por el Titular y\/o por las personas previstas en la presente ley; Los datos personales, salvo la informaci\u00f3n p\u00fablica, no podr\u00e1n estar disponibles en Internet u otros medios de divulgaci\u00f3n o comunicaci\u00f3n masiva, salvo que el acceso sea t\u00e9cnicamente controlable para brindar un conocimiento restringido s\u00f3lo a los Titulares o terceros autorizados conforme a la presente ley;<\/li>\n \t<li><b>Principio de seguridad:<\/b> La informaci\u00f3n sujeta a Tratamiento por el Responsable del Tratamiento o Encargado del Tratamiento a que se refiere la presente ley, se deber\u00e1 manejar con las medidas t\u00e9cnicas, humanas y administrativas que sean necesarias para otorgar seguridad a los registros evitando su adulteraci\u00f3n, p\u00e9rdida, consulta, uso o acceso no autorizado o fraudulento;<\/li>\n \t<li><b>Principio de confidencialidad:<\/b> Todas las personas que intervengan en el Tratamiento de datos personales que no tengan la naturaleza de p\u00fablicos est\u00e1n obligadas a garantizar la reserva de la informaci\u00f3n, inclusive despu\u00e9s de finalizada su relaci\u00f3n con alguna de las labores que comprende el Tratamiento, pudiendo s\u00f3lo realizar suministro o comunicaci\u00f3n de datos personales cuando ello corresponda al desarrollo de las actividades autorizadas en la presente ley y en los t\u00e9rminos de la misma.<\/li>\n<\/ul>\n<\/li>\n \t<li>\n<h3>Informaci\u00f3n que Recopilamos<\/h3>\n4.1 <b>Informaci\u00f3n Personal Podemos recopilar:<\/b>\n<ul>\n \t<li>Nombre e informaci\u00f3n de contacto (correo electr\u00f3nico, n\u00famero de tel\u00e9fono, direcci\u00f3n f\u00edsica)<\/li>\n \t<li>Informaci\u00f3n empresarial (nombre de la empresa, cargo, industria)<\/li>\n \t<li>Informaci\u00f3n de pago<\/li>\n \t<li>Informaci\u00f3n t\u00e9cnica (direcci\u00f3n IP, tipo de navegador, informaci\u00f3n del dispositivo)<\/li>\n \t<li>Comunicaciones y correspondencia con nosotros<\/li>\n \t<li>Datos de uso del sitio web<\/li>\n<\/ul>\n4.2 <b>Recopilaci\u00f3n Autom\u00e1tica de Datos:<\/b>\n<ul>\n \t<li>Datos de registro.<\/li>\n \t<li>&gt;Informaci\u00f3n del dispositivo.<\/li>\n \t<li>Informaci\u00f3n de ubicaci\u00f3n.<\/li>\n \t<li>Cookies y tecnolog\u00edas similares.<\/li>\n<\/ul>\n<\/li>\n<li>\n<h3>C\u00f3mo Utilizamos su Informaci\u00f3n<\/h3>\n<b>Utilizamos su informaci\u00f3n para:<\/b>\n<ul>\n \t<li>Procesar y cumplir sus pedidos.<\/li>\n \t<li>Comunicarnos con usted sobre nuestros productos y servicios.<\/li>\n \t<li>Mejorar nuestro sitio web y servicios.<\/li>\n \t<li>Enviar comunicaciones de marketing. (con su consentimiento)<\/li>\n \t<li>Cumplir con obligaciones legales.<\/li>\n \t<li>Proteger nuestros derechos y prevenir fraudes.<\/li>\n<\/ul>\n<\/li>\n \t<li>\n<h3>Compartir y Divulgar Informaci\u00f3n<\/h3>\n<b> Podemos compartir su informaci\u00f3n con:<\/b>\n<ul>\n \t<li>Proveedores de servicios y socios comerciales.<\/li>\n \t<li>Asesores profesionales.<\/li>\n \t<li>Autoridades cuando lo requiera la ley.<\/li>\n \t<li>En relaci\u00f3n con una transferencia comercial o fusi\u00f3n.<\/li>\n \t<li>No vendemos su informaci\u00f3n personal a terceros.<\/li>\n<\/ul>\n<\/li>\n \t<li>\n<h3>Seguridad de Datos<\/h3>\nImplementamos medidas t\u00e9cnicas y organizativas apropiadas para proteger su informaci\u00f3n. Sin embargo, ning\u00fan m\u00e9todo de transmisi\u00f3n por Internet es 100% seguro.<\/li>\n \t<li>\n<h3>Transferencias Internacionales de Datos<\/h3>\nPodemos transferir su informaci\u00f3n entre Colombia y Estados Unidos. Nos aseguramos de que existan garant\u00edas apropiadas para estas transferencias.<\/li>\n \t<li>\n<h3>Sus Derechos<\/h3>\n<b>Dependiendo de su ubicaci\u00f3n, tiene derecho a:<\/b>\n<ul>\n \t<li>Acceder a su informaci\u00f3n personal.<\/li>\n \t<li>Corregir informaci\u00f3n inexacta.<\/li>\n \t<li>Solicitar la eliminaci\u00f3n de su informaci\u00f3n.<\/li>\n \t<li>Oponerse al procesamiento.<\/li>\n \t<li>Retirar el consentimiento.<\/li>\n \t<li>Portabilidad de datos.<\/li>\n<\/ul>\n9.1 <b>Residentes de California<\/b>\nLos residentes de California tienen derechos adicionales bajo la CCPA.<br\/>\n9.2 <b>Residentes de Colombia<\/b>\nLos residentes de Colombia tienen derechos bajo la Ley 1581 de 2012 y su decreto reglamentario No. 1377 de 2013.<\/li>\n \t<li>\n<h3>Privacidad de los Ni\u00f1os<\/h3>\nNo recopilamos intencionalmente informaci\u00f3n de ni\u00f1os menores de 13 a\u00f1os. Si cree que hemos recopilado dicha informaci\u00f3n, cont\u00e1ctenos.<\/li>\n \t<li>\n<h3>Cambios en esta Pol\u00edtica<\/h3>\nPodemos actualizar esta Pol\u00edtica de Privacidad peri\u00f3dicamente. Le notificaremos cualquier cambio importante publicando la pol\u00edtica actualizada en nuestro sitio web.<\/li>\n<li>\n<h3>Cont\u00e1ctenos<\/h3>\n<b>Para preguntas relacionadas con la privacidad:<\/b>\n<ul>\n \t<li>Correo electr\u00f3nico: ledmaster@ledmaster.tv<\/li>\n \t<li>Tel\u00e9fono: 3002044085 en Colombia 4075098447 en USA<\/li>\n \t<li>Direcci\u00f3n: Carrera 17 N.59- 45 Bogot\u00e1 &#8211; Colombia<\/li>\n \t<li>Direcci\u00f3n: en USA: 2507 Investors Row, Suite 100<\/li>\n \t<li>Office 08, 32837 Orlando FL. United States.<\/li>\n<\/ul>\n<\/li>\n<li>\n<h3>Informaci\u00f3n Adicional<\/h3>\n13.1 <b>Pol\u00edtica de Cookies.<\/b>\nUtilizamos cookies para mejorar su experiencia. Puede controlar las cookies a trav\u00e9s de la configuraci\u00f3n de su navegador.<br\/>\n13.2 <b>Comunicaciones de Marketing.<\/b>\nPuede optar por no recibir comunicaciones de marketing en cualquier momento: Haciendo clic en \u00ab<b>cancelar suscripci\u00f3n<\/b>\u00bb en nuestros correos electr\u00f3nicos o cont\u00e1ctenos directamente a nuestra informaci\u00f3n de contacto. Ley Aplicable\n\nEsta Pol\u00edtica de Privacidad se rige por las leyes de la <b>REP\u00daBLICA DE COLOMBIA y ESTADOS UNIDOS DE NORTE AMERICA<\/b>, seg\u00fan corresponda a su ubicaci\u00f3n.<\/li>\n<\/ol>\t\t\t\t\t\t\t\t<\/div>\n\t\t\t\t\t<\/div>\n\t\t\t\t<\/div>\n\t\t\t\t<\/div>","protected":false},"excerpt":{"rendered":"<p>Introducci\u00f3n LED MASTER est\u00e1 comprometido con la protecci\u00f3n de su privacidad. Esta Pol\u00edtica de Privacidad explica c\u00f3mo recopilamos, utilizamos, divulgamos [&hellip;]<\/p>","protected":false},"author":1,"featured_media":0,"parent":0,"menu_order":0,"comment_status":"closed","ping_status":"closed","template":"","meta":{"_acf_changed":false,"site-sidebar-layout":"no-sidebar","site-content-layout":"","ast-site-content-layout":"full-width-container","site-content-style":"default","site-sidebar-style":"default","ast-global-header-display":"","ast-banner-title-visibility":"","ast-main-header-display":"","ast-hfb-above-header-display":"","ast-hfb-below-header-display":"","ast-hfb-mobile-header-display":"","site-post-title":"disabled","ast-breadcrumbs-content":"","ast-featured-img":"","footer-sml-layout":"","theme-transparent-header-meta":"","adv-header-id-meta":"","stick-header-meta":"","header-above-stick-meta":"","header-main-stick-meta":"","header-below-stick-meta":"","astra-migrate-meta-layouts":"default","ast-page-background-enabled":"default","ast-page-background-meta":{"desktop":{"background-color":"var(--ast-global-color-5)","background-image":"","background-repeat":"repeat","background-position":"center center","background-size":"auto","background-attachment":"scroll","background-type":"","background-media":"","overlay-type":"","overlay-color":"","overlay-opacity":"","overlay-gradient":""},"tablet":{"background-color":"","background-image":"","background-repeat":"repeat","background-position":"center center","background-size":"auto","background-attachment":"scroll","background-type":"","background-media":"","overlay-type":"","overlay-color":"","overlay-opacity":"","overlay-gradient":""},"mobile":{"background-color":"","background-image":"","background-repeat":"repeat","background-position":"center center","background-size":"auto","background-attachment":"scroll","background-type":"","background-media":"","overlay-type":"","overlay-color":"","overlay-opacity":"","overlay-gradient":""}},"ast-content-background-meta":{"desktop":{"background-color":"var(--ast-global-color-4)","background-image":"","background-repeat":"repeat","background-position":"center center","background-size":"auto","background-attachment":"scroll","background-type":"","background-media":"","overlay-type":"","overlay-color":"","overlay-opacity":"","overlay-gradient":""},"tablet":{"background-color":"var(--ast-global-color-4)","background-image":"","background-repeat":"repeat","background-position":"center center","background-size":"auto","background-attachment":"scroll","background-type":"","background-media":"","overlay-type":"","overlay-color":"","overlay-opacity":"","overlay-gradient":""},"mobile":{"background-color":"var(--ast-global-color-4)","background-image":"","background-repeat":"repeat","background-position":"center center","background-size":"auto","background-attachment":"scroll","background-type":"","background-media":"","overlay-type":"","overlay-color":"","overlay-opacity":"","overlay-gradient":""}},"footnotes":""},"categories":[],"class_list":["post-2834","page","type-page","status-publish","hentry"],"acf":[],"yoast_head":"<!-- This site is optimized with the Yoast SEO plugin v24.6 - https:\/\/yoast.com\/wordpress\/plugins\/seo\/ -->\n<title>Pol\u00edticas de privacidad  LED MASTER - Led Master<\/title>\n<meta name=\"robots\" content=\"index, follow, max-snippet:-1, max-image-preview:large, max-video-preview:-1\" \/>\n<link rel=\"canonical\" href=\"https:\/\/theledmaster.us\/en\/politica-de-privacidad-led-master\/\" \/>\n<meta property=\"og:locale\" content=\"en_US\" \/>\n<meta property=\"og:type\" content=\"article\" \/>\n<meta property=\"og:title\" content=\"Pol\u00edticas de privacidad  LED MASTER - Led Master\" \/>\n<meta property=\"og:description\" content=\"Introducci\u00f3n LED MASTER est\u00e1 comprometido con la protecci\u00f3n de su privacidad. Esta Pol\u00edtica de Privacidad explica c\u00f3mo recopilamos, utilizamos, divulgamos [&hellip;]\" \/>\n<meta property=\"og:url\" content=\"https:\/\/theledmaster.us\/en\/politica-de-privacidad-led-master\/\" \/>\n<meta property=\"og:site_name\" content=\"Led Master\" \/>\n<meta property=\"article:modified_time\" content=\"2025-02-28T00:24:21+00:00\" \/>\n<meta name=\"twitter:card\" content=\"summary_large_image\" \/>\n<meta name=\"twitter:label1\" content=\"Est. reading time\" \/>\n\t<meta name=\"twitter:data1\" content=\"5 minutes\" \/>\n<script type=\"application\/ld+json\" class=\"yoast-schema-graph\">{\"@context\":\"https:\/\/schema.org\",\"@graph\":[{\"@type\":\"WebPage\",\"@id\":\"https:\/\/theledmaster.us\/politica-de-privacidad-led-master\/\",\"url\":\"https:\/\/theledmaster.us\/politica-de-privacidad-led-master\/\",\"name\":\"Pol\u00edticas de privacidad LED MASTER - Led Master\",\"isPartOf\":{\"@id\":\"https:\/\/theledmaster.us\/#website\"},\"datePublished\":\"2025-02-25T14:25:44+00:00\",\"dateModified\":\"2025-02-28T00:24:21+00:00\",\"breadcrumb\":{\"@id\":\"https:\/\/theledmaster.us\/politica-de-privacidad-led-master\/#breadcrumb\"},\"inLanguage\":\"en-US\",\"potentialAction\":[{\"@type\":\"ReadAction\",\"target\":[\"https:\/\/theledmaster.us\/politica-de-privacidad-led-master\/\"]}]},{\"@type\":\"BreadcrumbList\",\"@id\":\"https:\/\/theledmaster.us\/politica-de-privacidad-led-master\/#breadcrumb\",\"itemListElement\":[{\"@type\":\"ListItem\",\"position\":1,\"name\":\"Home\",\"item\":\"https:\/\/theledmaster.us\/\"},{\"@type\":\"ListItem\",\"position\":2,\"name\":\"Pol\u00edticas de privacidad &lt;br\/&gt; LED MASTER\"}]},{\"@type\":\"WebSite\",\"@id\":\"https:\/\/theledmaster.us\/#website\",\"url\":\"https:\/\/theledmaster.us\/\",\"name\":\"Led Master\",\"description\":\"Expertos en pantallas led\",\"publisher\":{\"@id\":\"https:\/\/theledmaster.us\/#organization\"},\"potentialAction\":[{\"@type\":\"SearchAction\",\"target\":{\"@type\":\"EntryPoint\",\"urlTemplate\":\"https:\/\/theledmaster.us\/?s={search_term_string}\"},\"query-input\":{\"@type\":\"PropertyValueSpecification\",\"valueRequired\":true,\"valueName\":\"search_term_string\"}}],\"inLanguage\":\"en-US\"},{\"@type\":\"Organization\",\"@id\":\"https:\/\/theledmaster.us\/#organization\",\"name\":\"Led Master\",\"url\":\"https:\/\/theledmaster.us\/\",\"logo\":{\"@type\":\"ImageObject\",\"inLanguage\":\"en-US\",\"@id\":\"https:\/\/theledmaster.us\/#\/schema\/logo\/image\/\",\"url\":\"https:\/\/theledmaster.us\/wp-content\/uploads\/2025\/03\/logo-led-master-White-usa.svg\",\"contentUrl\":\"https:\/\/theledmaster.us\/wp-content\/uploads\/2025\/03\/logo-led-master-White-usa.svg\",\"width\":254,\"height\":55,\"caption\":\"Led Master\"},\"image\":{\"@id\":\"https:\/\/theledmaster.us\/#\/schema\/logo\/image\/\"}}]}<\/script>\n<!-- \/ Yoast SEO plugin. -->","yoast_head_json":{"title":"Pol\u00edticas de privacidad  LED MASTER - Led Master","robots":{"index":"index","follow":"follow","max-snippet":"max-snippet:-1","max-image-preview":"max-image-preview:large","max-video-preview":"max-video-preview:-1"},"canonical":"https:\/\/theledmaster.us\/en\/politica-de-privacidad-led-master\/","og_locale":"en_US","og_type":"article","og_title":"Pol\u00edticas de privacidad  LED MASTER - Led Master","og_description":"Introducci\u00f3n LED MASTER est\u00e1 comprometido con la protecci\u00f3n de su privacidad. Esta Pol\u00edtica de Privacidad explica c\u00f3mo recopilamos, utilizamos, divulgamos [&hellip;]","og_url":"https:\/\/theledmaster.us\/en\/politica-de-privacidad-led-master\/","og_site_name":"Led Master","article_modified_time":"2025-02-28T00:24:21+00:00","twitter_card":"summary_large_image","twitter_misc":{"Est. reading time":"5 minutes"},"schema":{"@context":"https:\/\/schema.org","@graph":[{"@type":"WebPage","@id":"https:\/\/theledmaster.us\/politica-de-privacidad-led-master\/","url":"https:\/\/theledmaster.us\/politica-de-privacidad-led-master\/","name":"Pol\u00edticas de privacidad LED MASTER - Led Master","isPartOf":{"@id":"https:\/\/theledmaster.us\/#website"},"datePublished":"2025-02-25T14:25:44+00:00","dateModified":"2025-02-28T00:24:21+00:00","breadcrumb":{"@id":"https:\/\/theledmaster.us\/politica-de-privacidad-led-master\/#breadcrumb"},"inLanguage":"en-US","potentialAction":[{"@type":"ReadAction","target":["https:\/\/theledmaster.us\/politica-de-privacidad-led-master\/"]}]},{"@type":"BreadcrumbList","@id":"https:\/\/theledmaster.us\/politica-de-privacidad-led-master\/#breadcrumb","itemListElement":[{"@type":"ListItem","position":1,"name":"Home","item":"https:\/\/theledmaster.us\/"},{"@type":"ListItem","position":2,"name":"Pol\u00edticas de privacidad &lt;br\/&gt; LED MASTER"}]},{"@type":"WebSite","@id":"https:\/\/theledmaster.us\/#website","url":"https:\/\/theledmaster.us\/","name":"Led Master","description":"Expertos en pantallas led","publisher":{"@id":"https:\/\/theledmaster.us\/#organization"},"potentialAction":[{"@type":"SearchAction","target":{"@type":"EntryPoint","urlTemplate":"https:\/\/theledmaster.us\/?s={search_term_string}"},"query-input":{"@type":"PropertyValueSpecification","valueRequired":true,"valueName":"search_term_string"}}],"inLanguage":"en-US"},{"@type":"Organization","@id":"https:\/\/theledmaster.us\/#organization","name":"Led Master","url":"https:\/\/theledmaster.us\/","logo":{"@type":"ImageObject","inLanguage":"en-US","@id":"https:\/\/theledmaster.us\/#\/schema\/logo\/image\/","url":"https:\/\/theledmaster.us\/wp-content\/uploads\/2025\/03\/logo-led-master-White-usa.svg","contentUrl":"https:\/\/theledmaster.us\/wp-content\/uploads\/2025\/03\/logo-led-master-White-usa.svg","width":254,"height":55,"caption":"Led Master"},"image":{"@id":"https:\/\/theledmaster.us\/#\/schema\/logo\/image\/"}}]}},"_links":{"self":[{"href":"https:\/\/theledmaster.us\/en\/wp-json\/wp\/v2\/pages\/2834","targetHints":{"allow":["GET"]}}],"collection":[{"href":"https:\/\/theledmaster.us\/en\/wp-json\/wp\/v2\/pages"}],"about":[{"href":"https:\/\/theledmaster.us\/en\/wp-json\/wp\/v2\/types\/page"}],"author":[{"embeddable":true,"href":"https:\/\/theledmaster.us\/en\/wp-json\/wp\/v2\/users\/1"}],"replies":[{"embeddable":true,"href":"https:\/\/theledmaster.us\/en\/wp-json\/wp\/v2\/comments?post=2834"}],"version-history":[{"count":0,"href":"https:\/\/theledmaster.us\/en\/wp-json\/wp\/v2\/pages\/2834\/revisions"}],"wp:attachment":[{"href":"https:\/\/theledmaster.us\/en\/wp-json\/wp\/v2\/media?parent=2834"}],"wp:term":[{"taxonomy":"category","embeddable":true,"href":"https:\/\/theledmaster.us\/en\/wp-json\/wp\/v2\/categories?post=2834"}],"curies":[{"name":"wp","href":"https:\/\/api.w.org\/{rel}","templated":true}]}}